{"id":321,"date":"2022-02-02T14:00:39","date_gmt":"2022-02-02T14:00:39","guid":{"rendered":"https:\/\/dev.leap13.com\/wiz\/spa\/?page_id=321"},"modified":"2022-12-30T11:21:28","modified_gmt":"2022-12-30T11:21:28","slug":"the-place","status":"publish","type":"page","link":"https:\/\/www.kneippen4you.ch\/cms\/?page_id=321","title":{"rendered":"AGB"},"content":{"rendered":"<p>[et_pb_section fb_built=&#8220;1&#8243; _builder_version=&#8220;3.22&#8243; global_colors_info=&#8220;{}&#8220;][et_pb_row _builder_version=&#8220;3.25&#8243; background_size=&#8220;initial&#8220; background_position=&#8220;top_left&#8220; background_repeat=&#8220;repeat&#8220; global_colors_info=&#8220;{}&#8220;][et_pb_column type=&#8220;4_4&#8243; _builder_version=&#8220;3.25&#8243; custom_padding=&#8220;|||&#8220; global_colors_info=&#8220;{}&#8220; custom_padding__hover=&#8220;|||&#8220;][et_pb_text _builder_version=&#8220;4.14.7&#8243; background_size=&#8220;initial&#8220; background_position=&#8220;top_left&#8220; background_repeat=&#8220;repeat&#8220; global_colors_info=&#8220;{}&#8220;]<\/p>\n<h1 style=\"text-align: center;\">Allgemeine Informationen zum Urlaubsangebot und Bedingungen<\/h1>\n<p>&nbsp;<\/p>\n<p>[\/et_pb_text][et_pb_divider color=&#8220;#F4A700&#8243; divider_weight=&#8220;6px&#8220; _builder_version=&#8220;4.14.7&#8243; _module_preset=&#8220;default&#8220; width=&#8220;17%&#8220; module_alignment=&#8220;center&#8220; global_colors_info=&#8220;{}&#8220;][\/et_pb_divider][et_pb_text _builder_version=&#8220;4.14.7&#8243; background_size=&#8220;initial&#8220; background_position=&#8220;top_left&#8220; background_repeat=&#8220;repeat&#8220; global_colors_info=&#8220;{}&#8220;]<\/p>\n<p>Dies sind freie Angebote. Bitte melden Sie sich vorab mit Ihrem pers\u00f6nlichen Anliegen, damit ich Ihnen eine unverbindliche individuelle Offerte unterbreiten kann.<\/p>\n<p>Die Kneipps\u00e4ule \u201eLebensordnung\u201c ist zentral, denn mit t\u00e4glichen ausgleichenden Kneippanwendungen finden Sie nicht nur zu sich selbst, sondern aktivieren neue Energien. Entdecken Sie die umfassende Methode f\u00fcr sich, um pers\u00f6nliche Probleme und den Alltagsstress hinter sich zu lassen. Entdecken Sie neue Ziele f\u00fcr sich.<\/p>\n<p>Bitte erw\u00e4hnen Sie gleichzeitig wenn Sie spezielle Mahlzeiten W\u00fcnsche oder Gesundheitsbed\u00fcrfnisse haben.<\/p>\n<p>Ich freue mich jetzt schon, Sie hoffentlich bald pers\u00f6nlich kennen zu lernen &#8211; um Ihnen etwas Gutes zu tun!<\/p>\n<p>PS: allf\u00e4llige exklusive spezielle Veranstaltungen wie;<\/p>\n<ul>\n<li>Konzerte<\/li>\n<li>Theaterbesuche<\/li>\n<li>Degustationen<\/li>\n<li>Schifffahrten<\/li>\n<li>Restaurantbesuche usw.<\/li>\n<\/ul>\n<p>Sowie alle Getr\u00e4nke sind nicht in den Preisen inbegriffen.<\/p>\n<p>Bitte sind Sie besorgt um eine Annullationsversicherung, sowie, wenn n\u00f6tig eine Zusatzversicherung bei Ihrer Krankenkasse. Mit Ihrer Unterschrift best\u00e4tigen Sie den Antritt des Urlaubes. Mit unserer schriftlichen Best\u00e4tigung ist die Buchung verbindlich. Bis sp\u00e4testens 2 Wochen vor Anreise kann eine kostenlose Stornierung vorgenommen werden. Wir bitten um Verst\u00e4ndnis, dass wir Stornierungen nur schriftlich entgegen nehmen k\u00f6nnen. Danach m\u00fcssen wir 100% verrechnen. Mit der Buchung bitten wir um 20% Anzahlung vom Pauschalangebotsbetrag. Die Gesamtabrechnung wird bei Abschluss des Aufenthaltes zur Zahlung f\u00e4llig (bar oder mit Einzahlungsschein).<\/p>\n<p>\u201eKneippen4you\u201c \u00fcbernimmt keine Haftung.<br \/>Sie reisen und treten den Urlaub auf eigene Verantwortung an.<\/p>\n<p>Preise sind in CHF und g\u00fcltig bis 31.12.2023.<\/p>\n<p>\u00c4nderungen und Irrt\u00fcmer vorbehalten.<\/p>\n<p>[\/et_pb_text][\/et_pb_column][\/et_pb_row][\/et_pb_section]<\/p>\n","protected":false},"excerpt":{"rendered":"<p>Allgemeine Informationen zum Urlaubsangebot und Bedingungen &nbsp;Dies sind freie Angebote. Bitte melden Sie sich vorab mit Ihrem pers\u00f6nlichen Anliegen, damit ich Ihnen eine unverbindliche individuelle Offerte unterbreiten kann. Die Kneipps\u00e4ule \u201eLebensordnung\u201c ist zentral, denn mit t\u00e4glichen ausgleichenden Kneippanwendungen finden Sie nicht nur zu sich selbst, sondern aktivieren neue Energien. Entdecken Sie die umfassende Methode f\u00fcr [&hellip;]<\/p>\n","protected":false},"author":1,"featured_media":0,"parent":0,"menu_order":0,"comment_status":"open","ping_status":"open","template":"","meta":{"_et_pb_use_builder":"on","_et_pb_old_content":"<p>[vc_row css=\".vc_custom_1460708838359{margin-bottom: 0px !important;padding-top: 70px !important;padding-bottom: 70px !important;background-color: #ffffff !important;}\"][vc_column css=\".vc_custom_1449572837587{padding-top: 0px !important;}\"][vc_column_text]<\/p><h2>Allgemeine Informationen zum Urlaubsangebot und Bedingungen<\/h2><p>Dies sind freie Angebote. Bitte melden Sie sich vorab mit Ihrem pers\u00f6nlichen Anliegen, damit ich Ihnen eine unverbindliche individuelle Offerte unterbreiten kann.<\/p><p>Die Kneipps\u00e4ule \u201eLebensordnung\u201c ist zentral, denn mit t\u00e4glichen ausgleichenden Kneippanwendungen finden Sie nicht nur zu sich selbst, sondern aktivieren neue Energien. Entdecken Sie die umfassende Methode f\u00fcr sich, um pers\u00f6nliche Probleme und den Alltagsstress hinter sich zu lassen. Entdecken Sie neue Ziele f\u00fcr sich.<\/p><p>Bitte erw\u00e4hnen Sie gleichzeitig wenn Sie spezielle Mahlzeiten W\u00fcnsche oder Gesundheitsbed\u00fcrfnisse haben.<\/p><p>Ich freue mich jetzt schon, Sie hoffentlich bald pers\u00f6nlich kennen zu lernen - um Ihnen etwas Gutes zu tun!<\/p><p>PS: allf\u00e4llige exklusive spezielle Veranstaltungen wie;<\/p><ul><li>Konzerte<\/li><li>Theaterbesuche<\/li><li>Degustationen<\/li><li>Schifffahrten<\/li><li>Restaurantbesuche usw.<\/li><\/ul><p>Sowie alle Getr\u00e4nke sind nicht in den Preisen inbegriffen.<\/p><p>Bitte sind Sie besorgt um eine Annullationsversicherung, sowie, wenn n\u00f6tig eine Zusatzversicherung bei Ihrer Krankenkasse. Mit Ihrer Unterschrift best\u00e4tigen Sie den Antritt des Urlaubes. Mit unserer schriftlichen Best\u00e4tigung ist die Buchung verbindlich. Bis sp\u00e4testens 2 Wochen vor Anreise kann eine kostenlose Stornierung vorgenommen werden. Wir bitten um Verst\u00e4ndnis, dass wir Stornierungen nur schriftlich entgegen nehmen k\u00f6nnen. Danach m\u00fcssen wir 100% verrechnen. Mit der Buchung bitten wir um 20% Anzahlung vom Pauschalangebotsbetrag. Die Gesamtabrechnung wird bei Abschluss des Aufenthaltes zur Zahlung f\u00e4llig (bar oder mit Einzahlungsschein).<\/p><p>\u201eKneippen4you\u201c \u00fcbernimmt keine Haftung.<br \/>Sie reisen und treten den Urlaub auf eigene Verantwortung an.<\/p><p>Preise sind in CHF und g\u00fcltig bis 31.12.2022.<\/p><p>\u00c4nderungen und Irrt\u00fcmer vorbehalten.[\/vc_column_text][\/vc_column][\/vc_row]<\/p>","_et_gb_content_width":""},"_links":{"self":[{"href":"https:\/\/www.kneippen4you.ch\/cms\/index.php?rest_route=\/wp\/v2\/pages\/321"}],"collection":[{"href":"https:\/\/www.kneippen4you.ch\/cms\/index.php?rest_route=\/wp\/v2\/pages"}],"about":[{"href":"https:\/\/www.kneippen4you.ch\/cms\/index.php?rest_route=\/wp\/v2\/types\/page"}],"author":[{"embeddable":true,"href":"https:\/\/www.kneippen4you.ch\/cms\/index.php?rest_route=\/wp\/v2\/users\/1"}],"replies":[{"embeddable":true,"href":"https:\/\/www.kneippen4you.ch\/cms\/index.php?rest_route=%2Fwp%2Fv2%2Fcomments&post=321"}],"version-history":[{"count":9,"href":"https:\/\/www.kneippen4you.ch\/cms\/index.php?rest_route=\/wp\/v2\/pages\/321\/revisions"}],"predecessor-version":[{"id":4391,"href":"https:\/\/www.kneippen4you.ch\/cms\/index.php?rest_route=\/wp\/v2\/pages\/321\/revisions\/4391"}],"wp:attachment":[{"href":"https:\/\/www.kneippen4you.ch\/cms\/index.php?rest_route=%2Fwp%2Fv2%2Fmedia&parent=321"}],"curies":[{"name":"wp","href":"https:\/\/api.w.org\/{rel}","templated":true}]}}