{"id":3288,"date":"2022-02-02T14:00:48","date_gmt":"2022-02-02T14:00:48","guid":{"rendered":"https:\/\/dev.leap13.com\/wiz\/spa\/?page_id=7"},"modified":"2023-01-11T16:25:20","modified_gmt":"2023-01-11T16:25:20","slug":"spa-home","status":"publish","type":"page","link":"https:\/\/www.kneippen4you.ch\/cms\/","title":{"rendered":"Home"},"content":{"rendered":"<p>[et_pb_section fb_built=&#8220;1&#8243; _builder_version=&#8220;4.14.7&#8243; background_color=&#8220;#FFFFFF&#8220; global_colors_info=&#8220;{}&#8220;][et_pb_row _builder_version=&#8220;4.14.7&#8243; background_color=&#8220;RGBA(255,255,255,0)&#8220; background_size=&#8220;initial&#8220; background_position=&#8220;top_left&#8220; background_repeat=&#8220;repeat&#8220; global_colors_info=&#8220;{}&#8220;][et_pb_column type=&#8220;4_4&#8243; _builder_version=&#8220;3.25&#8243; custom_padding=&#8220;|||&#8220; global_colors_info=&#8220;{}&#8220; custom_padding__hover=&#8220;|||&#8220;][et_pb_text _builder_version=&#8220;4.14.7&#8243; background_size=&#8220;initial&#8220; background_position=&#8220;top_left&#8220; background_repeat=&#8220;repeat&#8220; global_colors_info=&#8220;{}&#8220;]<\/p>\n<h1 style=\"text-align: center;\">Kneippen \u2013 speziell f\u00fcr die Frau&#8230;<\/h1>\n<p>[\/et_pb_text][et_pb_divider color=&#8220;#F4A700&#8243; divider_weight=&#8220;6px&#8220; admin_label=&#8220;Teiler&#8220; _builder_version=&#8220;4.14.7&#8243; _module_preset=&#8220;default&#8220; width=&#8220;17%&#8220; module_alignment=&#8220;center&#8220; global_colors_info=&#8220;{}&#8220;][\/et_pb_divider][et_pb_text _builder_version=&#8220;4.14.7&#8243; text_font_size=&#8220;18px&#8220; background_size=&#8220;initial&#8220; background_position=&#8220;top_left&#8220; background_repeat=&#8220;repeat&#8220; global_colors_info=&#8220;{}&#8220;]<\/p>\n<p style=\"text-align: center;\">G\u00f6nnen Sie sich eine Auszeit!<br \/>Mit einem Schuss exklusiver Aktivit\u00e4t und den ausgleichenden entspannenden Ruhephasen<\/p>\n<p>[\/et_pb_text][et_pb_divider show_divider=&#8220;off&#8220; admin_label=&#8220;Teiler&#8220; _builder_version=&#8220;4.14.7&#8243; _module_preset=&#8220;default&#8220; module_alignment=&#8220;center&#8220; global_colors_info=&#8220;{}&#8220;][\/et_pb_divider][\/et_pb_column][\/et_pb_row][\/et_pb_section][et_pb_section fb_built=&#8220;1&#8243; _builder_version=&#8220;4.14.7&#8243; _module_preset=&#8220;default&#8220; background_color=&#8220;#f5f6ed&#8220; global_colors_info=&#8220;{}&#8220;][et_pb_row _builder_version=&#8220;4.14.7&#8243; _module_preset=&#8220;default&#8220; global_colors_info=&#8220;{}&#8220;][et_pb_column type=&#8220;4_4&#8243; _builder_version=&#8220;4.14.7&#8243; _module_preset=&#8220;default&#8220; global_colors_info=&#8220;{}&#8220;][et_pb_text _builder_version=&#8220;4.14.7&#8243; _module_preset=&#8220;default&#8220; global_colors_info=&#8220;{}&#8220;]<\/p>\n<h2 style=\"text-align: center;\">Aktuelle Angebote<\/h2>\n<p>[\/et_pb_text][\/et_pb_column][\/et_pb_row][et_pb_row column_structure=&#8220;1_4,1_2,1_4&#8243; _builder_version=&#8220;4.14.7&#8243; _module_preset=&#8220;default&#8220; global_colors_info=&#8220;{}&#8220;][et_pb_column type=&#8220;1_4&#8243; _builder_version=&#8220;4.14.7&#8243; _module_preset=&#8220;default&#8220; global_colors_info=&#8220;{}&#8220;][\/et_pb_column][et_pb_column type=&#8220;1_2&#8243; _builder_version=&#8220;4.14.7&#8243; _module_preset=&#8220;default&#8220; global_colors_info=&#8220;{}&#8220;][et_pb_portfolio include_categories=&#8220;79&#8243; show_categories=&#8220;off&#8220; show_pagination=&#8220;off&#8220; _builder_version=&#8220;4.14.7&#8243; _module_preset=&#8220;default&#8220; title_level=&#8220;h3&#8243; title_text_align=&#8220;center&#8220; title_text_color=&#8220;#737D0C&#8220; global_colors_info=&#8220;{}&#8220;][\/et_pb_portfolio][\/et_pb_column][et_pb_column type=&#8220;1_4&#8243; _builder_version=&#8220;4.14.7&#8243; _module_preset=&#8220;default&#8220; background_color=&#8220;RGBA(255,255,255,0)&#8220; global_colors_info=&#8220;{}&#8220;][\/et_pb_column][\/et_pb_row][\/et_pb_section][et_pb_section fb_built=&#8220;1&#8243; _builder_version=&#8220;4.14.7&#8243; _module_preset=&#8220;default&#8220; global_colors_info=&#8220;{}&#8220;][et_pb_row column_structure=&#8220;1_2,1_2&#8243; _builder_version=&#8220;4.14.7&#8243; _module_preset=&#8220;default&#8220; global_colors_info=&#8220;{}&#8220;][et_pb_column type=&#8220;1_2&#8243; _builder_version=&#8220;4.14.7&#8243; _module_preset=&#8220;default&#8220; global_colors_info=&#8220;{}&#8220;][et_pb_text _builder_version=&#8220;4.14.7&#8243; background_size=&#8220;initial&#8220; background_position=&#8220;top_left&#8220; background_repeat=&#8220;repeat&#8220; global_colors_info=&#8220;{}&#8220;]<\/p>\n<h2 style=\"text-align: center;\">\u00dcber mich<\/h2>\n<p>[\/et_pb_text][et_pb_divider color=&#8220;#F4A700&#8243; divider_weight=&#8220;3px&#8220; admin_label=&#8220;Teiler&#8220; _builder_version=&#8220;4.14.7&#8243; _module_preset=&#8220;default&#8220; width=&#8220;17%&#8220; module_alignment=&#8220;center&#8220; global_colors_info=&#8220;{}&#8220;][\/et_pb_divider][et_pb_image src=&#8220;https:\/\/www.kneippen4you.ch\/cms\/wp-content\/uploads\/2022\/02\/M85_5325-1-300&#215;200.jpg&#8220; title_text=&#8220;M85_5325&#8243; force_fullwidth=&#8220;on&#8220; _builder_version=&#8220;4.14.7&#8243; _module_preset=&#8220;default&#8220; global_colors_info=&#8220;{}&#8220;][\/et_pb_image][et_pb_text _builder_version=&#8220;4.14.7&#8243; background_size=&#8220;initial&#8220; background_position=&#8220;top_left&#8220; background_repeat=&#8220;repeat&#8220; global_colors_info=&#8220;{}&#8220;]<\/p>\n<p>Mir liegt speziell die Frau am Herzen, weil sie meist \u00dcberdurchschnittliches leistet.<br \/>Ich war selbst f\u00fcr ein paar Jahre alleinerziehende Mutter. Ich kenne die Belastungen vom Berufsleben, respektive auch die \u00dcberbelastung.<br \/>Ebenso sp\u00fcrte ich die heutige allgemeine Hektik, die Schnelllebigkeit und die oft unsoziale Umgebung am eigenen Leibe.<br \/>Dank dem Glauben und der Kneippmethode mit ihren 5 S\u00e4ulen als ganzheitliche Methode fand ich zur inneren Ruhe.<\/p>\n<p>[\/et_pb_text][et_pb_button button_url=&#8220;@ET-DC@eyJkeW5hbWljIjp0cnVlLCJjb250ZW50IjoicG9zdF9saW5rX3VybF9wYWdlIiwic2V0dGluZ3MiOnsicG9zdF9pZCI6IjIifX0=@&#8220; button_text=&#8220;Weiterlesen&#8220; _builder_version=&#8220;4.14.7&#8243; _dynamic_attributes=&#8220;button_url&#8220; _module_preset=&#8220;default&#8220; custom_button=&#8220;on&#8220; button_text_size=&#8220;15px&#8220; button_text_color=&#8220;#FFFFFF&#8220; button_bg_color=&#8220;#737D0C&#8220; global_colors_info=&#8220;{}&#8220;][\/et_pb_button][\/et_pb_column][et_pb_column type=&#8220;1_2&#8243; _builder_version=&#8220;4.14.7&#8243; _module_preset=&#8220;default&#8220; global_colors_info=&#8220;{}&#8220;][et_pb_text _builder_version=&#8220;4.14.7&#8243; background_color=&#8220;RGBA(255,255,255,0)&#8220; background_size=&#8220;initial&#8220; background_position=&#8220;top_left&#8220; background_repeat=&#8220;repeat&#8220; global_colors_info=&#8220;{}&#8220;]<\/p>\n<h2 style=\"text-align: center;\">Mein Angebot<\/h2>\n<p>[\/et_pb_text][et_pb_divider color=&#8220;#F4A700&#8243; divider_weight=&#8220;3px&#8220; admin_label=&#8220;Teiler&#8220; _builder_version=&#8220;4.14.7&#8243; _module_preset=&#8220;default&#8220; width=&#8220;17%&#8220; module_alignment=&#8220;center&#8220; global_colors_info=&#8220;{}&#8220;][\/et_pb_divider][et_pb_image src=&#8220;https:\/\/www.kneippen4you.ch\/cms\/wp-content\/uploads\/2022\/02\/M85_4730-e1645115374755.jpg&#8220; title_text=&#8220;M85_4730&#8243; force_fullwidth=&#8220;on&#8220; _builder_version=&#8220;4.14.7&#8243; _module_preset=&#8220;default&#8220; global_colors_info=&#8220;{}&#8220;][\/et_pb_image][et_pb_text _builder_version=&#8220;4.14.7&#8243; background_color=&#8220;RGBA(255,255,255,0)&#8220; background_size=&#8220;initial&#8220; background_position=&#8220;top_left&#8220; background_repeat=&#8220;repeat&#8220; global_colors_info=&#8220;{}&#8220;]<\/p>\n<p>Das Immunsystem ist die Grundlage f\u00fcr Ihre Gesundheit, dies k\u00f6nnen wir mit kneippen unterst\u00fctzen oder verbessern \u2013 Sie werden neue Energien aktivieren.<br \/>Im Gegensatz zu den herk\u00f6mmlichen Wellness-Behandlungen unterscheidet sich mein Angebot, indem Sie meist selbst aktiv werden. Sie konsumieren nicht, sondern Sie nehmen Ihr Wohlbefinden selbst in die Hand.<br \/>Trotz eigener T\u00e4tigkeit k\u00f6nnen Sie geniessen, ruhen und sich Zeit nehmen. Sie werden sich regenerieren mit Spass, Freude und Fr\u00f6hlichkeit.<br \/>Zu guter Letzt ist der Urlaub eine Weiterbildung.<\/p>\n<p>[\/et_pb_text][et_pb_button button_url=&#8220;@ET-DC@eyJkeW5hbWljIjp0cnVlLCJjb250ZW50IjoicG9zdF9saW5rX3VybF9wYWdlIiwic2V0dGluZ3MiOnsicG9zdF9pZCI6IjQxOCJ9fQ==@&#8220; button_text=&#8220;Weiterlesen&#8220; _builder_version=&#8220;4.14.7&#8243; _dynamic_attributes=&#8220;button_url&#8220; _module_preset=&#8220;default&#8220; custom_button=&#8220;on&#8220; button_text_size=&#8220;15px&#8220; button_text_color=&#8220;#FFFFFF&#8220; button_bg_color=&#8220;#737D0C&#8220; global_colors_info=&#8220;{}&#8220;][\/et_pb_button][\/et_pb_column][\/et_pb_row][\/et_pb_section][et_pb_section fb_built=&#8220;1&#8243; _builder_version=&#8220;4.14.7&#8243; _module_preset=&#8220;default&#8220; global_colors_info=&#8220;{}&#8220;][et_pb_row _builder_version=&#8220;4.14.7&#8243; background_color=&#8220;RGBA(255,255,255,0)&#8220; background_size=&#8220;initial&#8220; background_position=&#8220;top_left&#8220; background_repeat=&#8220;repeat&#8220; global_colors_info=&#8220;{}&#8220;][et_pb_column type=&#8220;4_4&#8243; _builder_version=&#8220;3.25&#8243; custom_padding=&#8220;|||&#8220; global_colors_info=&#8220;{}&#8220; custom_padding__hover=&#8220;|||&#8220;][et_pb_text _builder_version=&#8220;4.14.7&#8243; background_size=&#8220;initial&#8220; background_position=&#8220;top_left&#8220; background_repeat=&#8220;repeat&#8220; global_colors_info=&#8220;{}&#8220;]<\/p>\n<h2 style=\"text-align: center;\">Klein aber fein \u2013 und ziemlich pers\u00f6nlich&#8230;<\/h2>\n<p>[\/et_pb_text][et_pb_divider color=&#8220;#F4A700&#8243; divider_weight=&#8220;3px&#8220; admin_label=&#8220;Teiler&#8220; _builder_version=&#8220;4.14.7&#8243; _module_preset=&#8220;default&#8220; width=&#8220;17%&#8220; module_alignment=&#8220;center&#8220; global_colors_info=&#8220;{}&#8220;][\/et_pb_divider][\/et_pb_column][\/et_pb_row][et_pb_row column_structure=&#8220;1_2,1_2&#8243; _builder_version=&#8220;4.14.7&#8243; _module_preset=&#8220;default&#8220; global_colors_info=&#8220;{}&#8220;][et_pb_column type=&#8220;1_2&#8243; _builder_version=&#8220;4.14.7&#8243; _module_preset=&#8220;default&#8220; global_colors_info=&#8220;{}&#8220;][et_pb_text _builder_version=&#8220;4.14.7&#8243; background_size=&#8220;initial&#8220; background_position=&#8220;top_left&#8220; background_repeat=&#8220;repeat&#8220; global_colors_info=&#8220;{}&#8220;]<\/p>\n<p style=\"text-align: left;\">Ich biete Ihnen einen ausgewogenen auf der Pfarrer Sebastian Kneipp Methode basierenden Urlaub an. Das heisst, es werden alle 5 S\u00e4ulen ber\u00fccksichtigt. Es wird somit eine aktive und gleichzeitig erholsame Zeit werden. Es wird viel Raum und Zeit bieten f\u00fcr sinnvolle Gespr\u00e4che oder auch zur Selbstfindung.<\/p>\n<p>[\/et_pb_text][\/et_pb_column][et_pb_column type=&#8220;1_2&#8243; _builder_version=&#8220;4.14.7&#8243; _module_preset=&#8220;default&#8220; global_colors_info=&#8220;{}&#8220;][et_pb_text _builder_version=&#8220;4.14.7&#8243; background_size=&#8220;initial&#8220; background_position=&#8220;top_left&#8220; background_repeat=&#8220;repeat&#8220; global_colors_info=&#8220;{}&#8220;]<\/p>\n<p style=\"text-align: left;\">Egal in welcher Situation Sie stecken. Ich bin pers\u00f6nlich f\u00fcr Sie da. Wenn Sie mit Kindern anreisen, versuchen wir eine Teilzeit Kinderbetreuung anzubieten. Alleinerziehende M\u00fctter mit Kindern fragen bitte f\u00fcr ein Spezialarrangement. Auch Kleingruppen von 4 bis 6 Damen sind herzlich willkommen. Bitte fragen Sie unverbindlich Ihre pers\u00f6nliche <a href=\"https:\/\/www.kneippen4you.ch\/cms\/?page_id=319\">Offerte<\/a> an.<\/p>\n<p>[\/et_pb_text][\/et_pb_column][\/et_pb_row][et_pb_row _builder_version=&#8220;4.14.7&#8243; _module_preset=&#8220;default&#8220; global_colors_info=&#8220;{}&#8220;][et_pb_column type=&#8220;4_4&#8243; _builder_version=&#8220;4.14.7&#8243; _module_preset=&#8220;default&#8220; global_colors_info=&#8220;{}&#8220;][et_pb_gallery gallery_ids=&#8220;4044,4064,3981,3918,3913,3912,3896,3903,3892,3718,3717,3707,3669,3664&#8243; fullwidth=&#8220;on&#8220; dbdb_version=&#8220;4.0.8&#8243; _builder_version=&#8220;4.14.7&#8243; _module_preset=&#8220;default&#8220; animation_style=&#8220;fade&#8220; auto=&#8220;on&#8220; auto_speed=&#8220;4000&#8243; global_colors_info=&#8220;{}&#8220;][\/et_pb_gallery][\/et_pb_column][\/et_pb_row][\/et_pb_section]<\/p>\n","protected":false},"excerpt":{"rendered":"<p>Kneippen \u2013 speziell f\u00fcr die Frau&#8230;G\u00f6nnen Sie sich eine Auszeit!Mit einem Schuss exklusiver Aktivit\u00e4t und den ausgleichenden entspannenden RuhephasenAktuelle Angebote\u00dcber michMir liegt speziell die Frau am Herzen, weil sie meist \u00dcberdurchschnittliches leistet.Ich war selbst f\u00fcr ein paar Jahre alleinerziehende Mutter. Ich kenne die Belastungen vom Berufsleben, respektive auch die \u00dcberbelastung.Ebenso sp\u00fcrte ich die heutige allgemeine [&hellip;]<\/p>\n","protected":false},"author":1,"featured_media":0,"parent":0,"menu_order":0,"comment_status":"open","ping_status":"open","template":"","meta":{"_et_pb_use_builder":"on","_et_pb_old_content":"<p>[vc_row full_width=\"stretch_row\" css=\".vc_custom_1461227757234{padding-top: 120px !important;padding-bottom: 00px !important;}\"][vc_column css=\".vc_custom_1449647787888{margin-top: -100px !important;padding-top: 70px !important;padding-bottom: 15px !important;background-color: #ffffff !important;}\"][ultimate_heading main_heading=\"Kneippen \u2013 speziell f\u00fcr die Frau...\" spacer=\"line_only\" spacer_position=\"middle\" line_height=\"3\" line_color=\"#e89057\" main_heading_margin=\"margin-bottom:20px;\" sub_heading_margin=\"margin-bottom:40px;\" line_width=\"100\" spacer_margin=\"margin-bottom:20px;\" sub_heading_line_height=\"desktop:25px;\"]G\u00f6nnen Sie sich eine Auszeit!<br \/>Mit einem Schuss exklusiver Aktivit\u00e4t und den ausgleichenden entspannenden Ruhephasen<br \/>[\/ultimate_heading][\/vc_column][\/vc_row][vc_row][vc_column][leap_separator color=\"#ffffff\"][leap_title heading=\"h3\" center=\"yes\" strip=\"no\"]Aktuelles Angebot[\/leap_title][vc_separator][\/vc_column][\/vc_row][vc_row][vc_column][vc_basic_grid post_type=\"post\" max_items=\"2\" element_width=\"6\" grid_id=\"vc_gid:1643810220120-44b3cd84-0925-0\" taxonomies=\"1\"][\/vc_column][\/vc_row][vc_row full_width=\"stretch_row\" css=\".vc_custom_1461227757234{padding-top: 120px !important;padding-bottom: 00px !important;}\"][vc_column css=\".vc_custom_1449647787888{margin-top: -100px !important;padding-top: 70px !important;padding-bottom: 15px !important;background-color: #ffffff !important;}\"][vc_separator][\/vc_column][\/vc_row][vc_row][vc_column width=\"1\/2\"][vc_column_text]<\/p><h3 style=\"text-align: center;\">\u00dcber mich<\/h3><p>[\/vc_column_text][vc_single_image image=\"3880\" img_size=\"500x400\" alignment=\"center\" style=\"vc_box_rounded\" onclick=\"img_link_large\"][vc_column_text]Mir liegt speziell die Frau am Herzen, weil sie meist \u00dcberdurchschnittliches leistet.<br \/>Ich war selbst f\u00fcr ein paar Jahre alleinerziehende Mutter. Ich kenne die Belastungen vom Berufsleben, respektive auch die \u00dcberbelastung.<br \/>Ebenso sp\u00fcrte ich die heutige allgemeine Hektik, die Schnelllebigkeit und die oft unsoziale Umgebung am eigenen Leibe.<br \/>Dank dem Glauben und der Kneippmethode mit ihren 5 S\u00e4ulen als ganzheitliche Methode fand ich zur inneren Ruhe.[\/vc_column_text][leap_button size=\"sm\" link=\"?page_id=2\"]Weiterlesen[\/leap_button][\/vc_column][vc_column width=\"1\/2\"][vc_column_text]<\/p><h3 style=\"text-align: center;\">Mein Angebot<\/h3><p>[\/vc_column_text][vc_single_image image=\"3897\" img_size=\"500x400\" alignment=\"center\" style=\"vc_box_rounded\" onclick=\"img_link_large\"][vc_column_text]Das Immunsystem ist die Grundlage f\u00fcr Ihre Gesundheit, dies k\u00f6nnen wir mit kneippen unterst\u00fctzen oder verbessern \u2013 Sie werden neue Energien aktivieren.<br \/>Im Gegensatz zu den herk\u00f6mmlichen Wellness-Behandlungen unterscheidet sich mein Angebot, indem Sie meist selbst aktiv werden. Sie konsumieren nicht, sondern Sie nehmen Ihr Wohlbefinden selbst in die Hand.<br \/>Trotz eigener T\u00e4tigkeit k\u00f6nnen Sie geniessen, ruhen und sich Zeit nehmen. Sie werden sich regenerieren mit Spass, Freude und Fr\u00f6hlichkeit.<br \/>Zu guter Letzt ist der Urlaub eine Weiterbildung.[\/vc_column_text][leap_button size=\"sm\" link=\"?page_id=323\"]Weiterlesen[\/leap_button][\/vc_column][\/vc_row][vc_row][vc_column][leap_separator color=\"#ffffff\"][leap_title heading=\"h3\" center=\"yes\" strip=\"no\"]Klein aber fein \u2013 und ziemlich pers\u00f6nlich.[\/leap_title][vc_separator][vc_row_inner css=\".vc_custom_1439489384128{margin-bottom: 0px !important;}\"][vc_column_inner width=\"1\/2\"][vc_column_text]Ich biete Ihnen einen ausgewogenen auf der Pfarrer Sebastian Kneipp Methode basierenden Urlaub an. Das heisst, es werden alle 5 S\u00e4ulen ber\u00fccksichtigt. Es wird somit eine aktive und gleichzeitig erholsame Zeit werden. Es wird viel Raum und Zeit bieten f\u00fcr sinnvolle Gespr\u00e4che oder auch zur Selbstfindung.[\/vc_column_text][\/vc_column_inner][vc_column_inner width=\"1\/2\"][vc_column_text]Egal in welcher Situation Sie stecken. Ich bin pers\u00f6nlich f\u00fcr Sie da. Wenn Sie mit Kindern anreisen, versuchen wir eine Teilzeit Kinderbetreuung anzubieten. Alleinerziehende M\u00fctter mit Kindern fragen bitte f\u00fcr ein Spezialarrangement. Auch Kleingruppen von 4 bis 6 Damen sind herzlich willkommen. Bitte fragen Sie unverbindlich Ihre pers\u00f6nliche <a href=\"https:\/\/www.kneippen4you.ch\/cms\/?page_id=319\">Offerte<\/a> an.[\/vc_column_text][\/vc_column_inner][\/vc_row_inner][vc_gallery type=\"nivo\" interval=\"3\" images=\"3689,3668,3903,3870,3674,3912\" img_size=\"1280x854\"][\/vc_column][\/vc_row]<\/p>","_et_gb_content_width":""},"_links":{"self":[{"href":"https:\/\/www.kneippen4you.ch\/cms\/index.php?rest_route=\/wp\/v2\/pages\/3288"}],"collection":[{"href":"https:\/\/www.kneippen4you.ch\/cms\/index.php?rest_route=\/wp\/v2\/pages"}],"about":[{"href":"https:\/\/www.kneippen4you.ch\/cms\/index.php?rest_route=\/wp\/v2\/types\/page"}],"author":[{"embeddable":true,"href":"https:\/\/www.kneippen4you.ch\/cms\/index.php?rest_route=\/wp\/v2\/users\/1"}],"replies":[{"embeddable":true,"href":"https:\/\/www.kneippen4you.ch\/cms\/index.php?rest_route=%2Fwp%2Fv2%2Fcomments&post=3288"}],"version-history":[{"count":65,"href":"https:\/\/www.kneippen4you.ch\/cms\/index.php?rest_route=\/wp\/v2\/pages\/3288\/revisions"}],"predecessor-version":[{"id":4427,"href":"https:\/\/www.kneippen4you.ch\/cms\/index.php?rest_route=\/wp\/v2\/pages\/3288\/revisions\/4427"}],"wp:attachment":[{"href":"https:\/\/www.kneippen4you.ch\/cms\/index.php?rest_route=%2Fwp%2Fv2%2Fmedia&parent=3288"}],"curies":[{"name":"wp","href":"https:\/\/api.w.org\/{rel}","templated":true}]}}