{"id":3745,"date":"2021-08-30T12:38:15","date_gmt":"2021-08-30T12:38:15","guid":{"rendered":"https:\/\/www.kneippen4you.ch\/cms\/?page_id=3745"},"modified":"2022-02-18T09:59:59","modified_gmt":"2022-02-18T09:59:59","slug":"meinungen","status":"publish","type":"page","link":"https:\/\/www.kneippen4you.ch\/cms\/?page_id=3745","title":{"rendered":"Meinungen"},"content":{"rendered":"<p>[et_pb_section fb_built=&#8220;1&#8243; _builder_version=&#8220;3.22&#8243; global_colors_info=&#8220;{}&#8220;][et_pb_row _builder_version=&#8220;3.25&#8243; background_size=&#8220;initial&#8220; background_position=&#8220;top_left&#8220; background_repeat=&#8220;repeat&#8220; global_colors_info=&#8220;{}&#8220;][et_pb_column type=&#8220;4_4&#8243; _builder_version=&#8220;3.25&#8243; custom_padding=&#8220;|||&#8220; global_colors_info=&#8220;{}&#8220; custom_padding__hover=&#8220;|||&#8220;][et_pb_text _builder_version=&#8220;4.14.7&#8243; _module_preset=&#8220;default&#8220; hover_enabled=&#8220;0&#8243; sticky_enabled=&#8220;0&#8243;]<\/p>\n<h1 style=\"text-align: center;\">Ich freue mich \u00fcber Ihr Feedback!<\/h1>\n<p>[\/et_pb_text][et_pb_divider color=&#8220;#F4A700&#8243; divider_weight=&#8220;6px&#8220; admin_label=&#8220;Teiler&#8220; _builder_version=&#8220;4.14.7&#8243; _module_preset=&#8220;default&#8220; width=&#8220;17%&#8220; module_alignment=&#8220;center&#8220; global_colors_info=&#8220;{}&#8220; theme_builder_area=&#8220;post_content&#8220;][\/et_pb_divider][et_pb_text _builder_version=&#8220;4.14.7&#8243; background_size=&#8220;initial&#8220; background_position=&#8220;top_left&#8220; background_repeat=&#8220;repeat&#8220; hover_enabled=&#8220;0&#8243; global_colors_info=&#8220;{}&#8220; sticky_enabled=&#8220;0&#8243;]<\/p>\n<p><strong>Kneipp-Kurs Aktivtage vom 25. \u2013 29 Sept 2016 in Trasadingen\/Beringen,<\/strong><\/p>\n<p>diese Tage waren sehr lehrreich, erholsam, interessant und lustig. Die Kombination von Ferien, Kurs und Kennenlernen des Kantons Schaffhausen ist ideal. Die Unterkunft im Fasshotel in Trasadingen war angenehm und sehr famili\u00e4r, die Gastgeberin Moni R\u00fcedi hat uns gut betreut und man f\u00fchlte sich wie zu Hause! Frau Maja Leu scheute keinen Aufwand, um uns ins Kneipp ABC einzuf\u00fchren, die Anwendungen und praktischen Erl\u00e4uterungen waren interessant und gut verst\u00e4ndlich. Das gemeinsame Mittagessenkochen und die Ausfl\u00fcge an den Rhein, auf den Hagen und nach Schaffhausen waren interessant und unvergesslich. Die Betreuung durch Frau Leu war sehr pers\u00f6nlich, lehrreich, aufmerksam und liebensw\u00fcrdig!<br \/>Auch der Humor und das Lachen hatten jederzeit Platz! Kurz, unvergessliche, erholsame Tage im Klettgau!<br \/><em>M.M. Pratteln\/BS<\/em><\/p>\n<p>&nbsp;<\/p>\n<p>[\/et_pb_text][et_pb_divider _builder_version=&#8220;4.14.7&#8243; _module_preset=&#8220;default&#8220; divider_style=&#8220;dotted&#8220; hover_enabled=&#8220;0&#8243; sticky_enabled=&#8220;0&#8243;][\/et_pb_divider][et_pb_text _builder_version=&#8220;4.14.7&#8243; background_size=&#8220;initial&#8220; background_position=&#8220;top_left&#8220; background_repeat=&#8220;repeat&#8220; hover_enabled=&#8220;0&#8243; global_colors_info=&#8220;{}&#8220; sticky_enabled=&#8220;0&#8243;]<\/p>\n<p><strong>Schnuppermomente August 2021<\/strong><\/p>\n<p>Hallo Maja<\/p>\n<p>Ich m\u00f6chte noch sagen dass der Aufenthalt bei dir sehr gut tat.\u00a0Der Barfussweg ist wundersch\u00f6n gemacht und tat richtig gut.\u00a0Auch das Fussbad danach war sehr wohltuend und belebend.\u00a0Wir hatten auf jeden Fall auch jede Menge spass beim Wassertreten.\u00a0Im Anschluss durften wir noch fein essen und trinken um uns rundum Wohl zu f\u00fchlen. Vielen Dank f\u00fcr dieses tolle Wohlf\u00fchlerlebnis.<\/p>\n<p>R.F. Hallau\/SH<\/p>\n<p>&nbsp;<\/p>\n<p>&nbsp;<\/p>\n<p>[\/et_pb_text][\/et_pb_column][\/et_pb_row][\/et_pb_section]<\/p>\n","protected":false},"excerpt":{"rendered":"<p>Ich freue mich \u00fcber Ihr Feedback!Kneipp-Kurs Aktivtage vom 25. \u2013 29 Sept 2016 in Trasadingen\/Beringen, diese Tage waren sehr lehrreich, erholsam, interessant und lustig. Die Kombination von Ferien, Kurs und Kennenlernen des Kantons Schaffhausen ist ideal. Die Unterkunft im Fasshotel in Trasadingen war angenehm und sehr famili\u00e4r, die Gastgeberin Moni R\u00fcedi hat uns gut betreut [&hellip;]<\/p>\n","protected":false},"author":1,"featured_media":0,"parent":0,"menu_order":0,"comment_status":"closed","ping_status":"closed","template":"","meta":{"_et_pb_use_builder":"on","_et_pb_old_content":"<h1>Ich freue mich \u00fcber Ihr Feedback!<\/h1><p><strong>Kneipp-Kurs Aktivtage vom 25. \u2013 29 Sept 2016 in Trasadingen\/Beringen,<\/strong> diese Tage waren sehr lehrreich, erholsam, interessant und lustig. Die Kombination von Ferien, Kurs und Kennenlernen des Kantons Schaffhausen ist ideal. Die Unterkunft im Fasshotel in Trasadingen war angenehm und sehr famili\u00e4r, die Gastgeberin Moni R\u00fcedi hat uns gut betreut und man f\u00fchlte sich wie zu Hause! Frau Maja Leu scheute keinen Aufwand, um uns ins Kneipp ABC einzuf\u00fchren, die Anwendungen und praktischen Erl\u00e4uterungen waren interessant und gut verst\u00e4ndlich. Das gemeinsame Mittagessenkochen und die Ausfl\u00fcge an den Rhein, auf den Hagen und nach Schaffhausen waren interessant und unvergesslich. Die Betreuung durch Frau Leu war sehr pers\u00f6nlich, lehrreich, aufmerksam und liebensw\u00fcrdig!<br \/>Auch der Humor und das Lachen hatten jederzeit Platz! Kurz, unvergessliche, erholsame Tage im Klettgau!<br \/><em>M.M. Pratteln\/BS<\/em><\/p><p><strong>Schnuppermomente August 2021<\/strong><\/p><p>Hallo Maja<\/p><p>Ich m\u00f6chte noch sagen dass der Aufenthalt bei dir sehr gut tat.\u00a0Der Barfussweg ist wundersch\u00f6n gemacht und tat richtig gut.\u00a0Auch das Fussbad danach war sehr wohltuend und belebend.\u00a0Wir hatten auf jeden Fall auch jede Menge spass beim Wassertreten.\u00a0Im Anschluss durften wir noch fein essen und trinken um uns rundum Wohl zu f\u00fchlen. Vielen Dank f\u00fcr dieses tolle Wohlf\u00fchlerlebnis.<\/p><p>R.F. Hallau\/SH<\/p><p>\u00a0<\/p><p>\u00a0<\/p>","_et_gb_content_width":""},"_links":{"self":[{"href":"https:\/\/www.kneippen4you.ch\/cms\/index.php?rest_route=\/wp\/v2\/pages\/3745"}],"collection":[{"href":"https:\/\/www.kneippen4you.ch\/cms\/index.php?rest_route=\/wp\/v2\/pages"}],"about":[{"href":"https:\/\/www.kneippen4you.ch\/cms\/index.php?rest_route=\/wp\/v2\/types\/page"}],"author":[{"embeddable":true,"href":"https:\/\/www.kneippen4you.ch\/cms\/index.php?rest_route=\/wp\/v2\/users\/1"}],"replies":[{"embeddable":true,"href":"https:\/\/www.kneippen4you.ch\/cms\/index.php?rest_route=%2Fwp%2Fv2%2Fcomments&post=3745"}],"version-history":[{"count":6,"href":"https:\/\/www.kneippen4you.ch\/cms\/index.php?rest_route=\/wp\/v2\/pages\/3745\/revisions"}],"predecessor-version":[{"id":4253,"href":"https:\/\/www.kneippen4you.ch\/cms\/index.php?rest_route=\/wp\/v2\/pages\/3745\/revisions\/4253"}],"wp:attachment":[{"href":"https:\/\/www.kneippen4you.ch\/cms\/index.php?rest_route=%2Fwp%2Fv2%2Fmedia&parent=3745"}],"curies":[{"name":"wp","href":"https:\/\/api.w.org\/{rel}","templated":true}]}}