{"id":3760,"date":"2022-02-05T07:07:21","date_gmt":"2022-02-05T07:07:21","guid":{"rendered":"https:\/\/www.kneippen4you.ch\/cms\/?page_id=3760"},"modified":"2023-01-12T08:39:43","modified_gmt":"2023-01-12T08:39:43","slug":"blog","status":"publish","type":"page","link":"https:\/\/www.kneippen4you.ch\/cms\/?page_id=3760","title":{"rendered":"Blog"},"content":{"rendered":"<p>[et_pb_section fb_built=&#8220;1&#8243; _builder_version=&#8220;4.16&#8243; global_colors_info=&#8220;{}&#8220;][et_pb_row _builder_version=&#8220;4.16&#8243; background_size=&#8220;initial&#8220; background_position=&#8220;top_left&#8220; background_repeat=&#8220;repeat&#8220; global_colors_info=&#8220;{}&#8220;][et_pb_column type=&#8220;4_4&#8243; _builder_version=&#8220;4.16&#8243; custom_padding=&#8220;|||&#8220; global_colors_info=&#8220;{}&#8220; custom_padding__hover=&#8220;|||&#8220;][et_pb_text _builder_version=&#8220;4.16&#8243; background_size=&#8220;initial&#8220; background_position=&#8220;top_left&#8220; background_repeat=&#8220;repeat&#8220; text_orientation=&#8220;center&#8220; global_colors_info=&#8220;{}&#8220;]<\/p>\n<h1>Herzliches Willkommen auf meinem \u00abkneipper blog\u00bb!<\/h1>\n<p>[\/et_pb_text][et_pb_divider color=&#8220;#F4A700&#8243; divider_weight=&#8220;6px&#8220; _builder_version=&#8220;4.16&#8243; _module_preset=&#8220;default&#8220; width=&#8220;17%&#8220; module_alignment=&#8220;center&#8220; global_colors_info=&#8220;{}&#8220;][\/et_pb_divider][et_pb_text _builder_version=&#8220;4.16&#8243; background_size=&#8220;initial&#8220; background_position=&#8220;top_left&#8220; background_repeat=&#8220;repeat&#8220; global_colors_info=&#8220;{}&#8220;]<\/p>\n<p style=\"text-align: center;\">Hier findet Ihr regelm\u00e4ssige Tipps sowie Erfahrungen aus meinem eigenen Leben mit der einzigartigen <strong>5-S\u00e4ulen-Kneipp-Methode.<\/strong><br \/>(Ern\u00e4hrung \/ Kr\u00e4uter \/ Bewegung \/ Wasser und Lebensordnung)<\/p>\n<p style=\"text-align: center;\">Erz\u00e4hlt mir auch was Euch bewegt und meldet mir\u00a0 Eure Erkenntnisse, am besten via <a href=\"mailto:maya.leu-rizzolo@bluewin.ch\">Email<\/a>.<\/p>\n<p>[\/et_pb_text][et_pb_divider color=&#8220;#D6D6D6&#8243; divider_weight=&#8220;1px&#8220; _builder_version=&#8220;4.16&#8243; _module_preset=&#8220;default&#8220; width=&#8220;100%&#8220; module_alignment=&#8220;center&#8220; global_colors_info=&#8220;{}&#8220;][\/et_pb_divider][\/et_pb_column][\/et_pb_row][et_pb_row column_structure=&#8220;1_4,1_2,1_4&#8243; _builder_version=&#8220;4.16&#8243; _module_preset=&#8220;default&#8220; global_colors_info=&#8220;{}&#8220;][et_pb_column type=&#8220;1_4&#8243; _builder_version=&#8220;4.16&#8243; _module_preset=&#8220;default&#8220; global_colors_info=&#8220;{}&#8220;][\/et_pb_column][et_pb_column type=&#8220;1_2&#8243; _builder_version=&#8220;4.16&#8243; _module_preset=&#8220;default&#8220; global_colors_info=&#8220;{}&#8220;][et_pb_blog include_categories=&#8220;62,all&#8220; meta_date=&#8220;j. M Y&#8220; show_thumbnail=&#8220;off&#8220; show_more=&#8220;on&#8220; show_author=&#8220;off&#8220; show_categories=&#8220;off&#8220; _builder_version=&#8220;4.19.4&#8243; _module_preset=&#8220;default&#8220; hover_enabled=&#8220;0&#8243; global_colors_info=&#8220;{}&#8220; sticky_enabled=&#8220;0&#8243;][\/et_pb_blog][\/et_pb_column][et_pb_column type=&#8220;1_4&#8243; _builder_version=&#8220;4.16&#8243; _module_preset=&#8220;default&#8220; global_colors_info=&#8220;{}&#8220;][\/et_pb_column][\/et_pb_row][\/et_pb_section]<\/p>\n","protected":false},"excerpt":{"rendered":"<p>Herzliches Willkommen auf meinem \u00abkneipper blog\u00bb!Hier findet Ihr regelm\u00e4ssige Tipps sowie Erfahrungen aus meinem eigenen Leben mit der einzigartigen 5-S\u00e4ulen-Kneipp-Methode.(Ern\u00e4hrung \/ Kr\u00e4uter \/ Bewegung \/ Wasser und Lebensordnung) Erz\u00e4hlt mir auch was Euch bewegt und meldet mir\u00a0 Eure Erkenntnisse, am besten via Email.<\/p>\n","protected":false},"author":1,"featured_media":0,"parent":0,"menu_order":0,"comment_status":"closed","ping_status":"closed","template":"","meta":{"_et_pb_use_builder":"on","_et_pb_old_content":"<p>[vc_row][vc_column][leap_title heading=\"h2\" strip=\"no\"]Herzliches Willkommen auf meinem \u00abkneipper blog\u00bb![\/leap_title][vc_separator][vc_column_text]<\/p><p style=\"text-align: center;\">Hier findet Ihr regelm\u00e4ssige Tipps sowie Erfahrungen aus meinem eigenen Leben mit der einzigartigen <strong>5-S\u00e4ulen-Kneipp-Methode.<\/strong><br \/>(Ern\u00e4hrung \/ Kr\u00e4uter \/ Bewegung \/ Wasser und Lebensordnung)<\/p><p>Erz\u00e4hlt mir auch was Euch bewegt und meldet mir\u00a0 Eure Erkenntnisse, am besten via <a href=\"mailto:maya.leu-rizzolo@bluewin.ch\">Email<\/a>.<\/p><p>[\/vc_column_text][\/vc_column][\/vc_row][vc_row][vc_column][vc_empty_space][vc_separator][leap_blog layout=\"postformat\" cats=\"blog\" excerptlength=\"100000\" meta_author=\"no\" meta_categories=\"no\" meta_tags=\"no\"][\/vc_column][\/vc_row][vc_row][vc_column][vc_column_text]<\/p><p>[\/vc_column_text][\/vc_column][\/vc_row]<\/p>","_et_gb_content_width":""},"_links":{"self":[{"href":"https:\/\/www.kneippen4you.ch\/cms\/index.php?rest_route=\/wp\/v2\/pages\/3760"}],"collection":[{"href":"https:\/\/www.kneippen4you.ch\/cms\/index.php?rest_route=\/wp\/v2\/pages"}],"about":[{"href":"https:\/\/www.kneippen4you.ch\/cms\/index.php?rest_route=\/wp\/v2\/types\/page"}],"author":[{"embeddable":true,"href":"https:\/\/www.kneippen4you.ch\/cms\/index.php?rest_route=\/wp\/v2\/users\/1"}],"replies":[{"embeddable":true,"href":"https:\/\/www.kneippen4you.ch\/cms\/index.php?rest_route=%2Fwp%2Fv2%2Fcomments&post=3760"}],"version-history":[{"count":13,"href":"https:\/\/www.kneippen4you.ch\/cms\/index.php?rest_route=\/wp\/v2\/pages\/3760\/revisions"}],"predecessor-version":[{"id":4435,"href":"https:\/\/www.kneippen4you.ch\/cms\/index.php?rest_route=\/wp\/v2\/pages\/3760\/revisions\/4435"}],"wp:attachment":[{"href":"https:\/\/www.kneippen4you.ch\/cms\/index.php?rest_route=%2Fwp%2Fv2%2Fmedia&parent=3760"}],"curies":[{"name":"wp","href":"https:\/\/api.w.org\/{rel}","templated":true}]}}