{"id":418,"date":"2015-08-20T16:48:42","date_gmt":"2015-08-20T16:48:42","guid":{"rendered":"https:\/\/dev.leap13.com\/wiz\/spa\/?page_id=418"},"modified":"2022-12-30T12:23:07","modified_gmt":"2022-12-30T12:23:07","slug":"right-sidebar-blog","status":"publish","type":"page","link":"https:\/\/www.kneippen4you.ch\/cms\/?page_id=418","title":{"rendered":"Arrangements"},"content":{"rendered":"<p>[et_pb_section fb_built=&#8220;1&#8243; _builder_version=&#8220;3.22&#8243; global_colors_info=&#8220;{}&#8220;][et_pb_row _builder_version=&#8220;3.25&#8243; background_size=&#8220;initial&#8220; background_position=&#8220;top_left&#8220; background_repeat=&#8220;repeat&#8220; global_colors_info=&#8220;{}&#8220;][et_pb_column type=&#8220;4_4&#8243; _builder_version=&#8220;3.25&#8243; custom_padding=&#8220;|||&#8220; global_colors_info=&#8220;{}&#8220; custom_padding__hover=&#8220;|||&#8220;][et_pb_text _builder_version=&#8220;4.14.7&#8243; _module_preset=&#8220;default&#8220; global_colors_info=&#8220;{}&#8220;]<\/p>\n<h1 style=\"text-align: center;\">Alle Angebote auf einen Blick<\/h1>\n<p>[\/et_pb_text][et_pb_divider color=&#8220;#F4A700&#8243; divider_weight=&#8220;6px&#8220; admin_label=&#8220;Teiler&#8220; _builder_version=&#8220;4.14.7&#8243; _module_preset=&#8220;default&#8220; width=&#8220;17%&#8220; module_alignment=&#8220;center&#8220; global_colors_info=&#8220;{}&#8220;][\/et_pb_divider][et_pb_filterable_portfolio fullwidth=&#8220;off&#8220; posts_number=&#8220;20&#8243; include_categories=&#8220;77,76,78,75,74,73,79&#8243; show_categories=&#8220;off&#8220; _builder_version=&#8220;4.14.7&#8243; _module_preset=&#8220;default&#8220; filter_font=&#8220;|700||on|||||&#8220; filter_font_size=&#8220;18px&#8220; global_colors_info=&#8220;{}&#8220;][\/et_pb_filterable_portfolio][\/et_pb_column][\/et_pb_row][\/et_pb_section][et_pb_section fb_built=&#8220;1&#8243; admin_label=&#8220;Anmeldung&#8220; module_id=&#8220;anmeldung&#8220; _builder_version=&#8220;4.14.7&#8243; _module_preset=&#8220;default&#8220; global_colors_info=&#8220;{}&#8220;][et_pb_row column_structure=&#8220;1_2,1_2&#8243; _builder_version=&#8220;4.14.7&#8243; _module_preset=&#8220;default&#8220; global_colors_info=&#8220;{}&#8220;][et_pb_column type=&#8220;1_2&#8243; _builder_version=&#8220;4.14.7&#8243; _module_preset=&#8220;default&#8220; global_colors_info=&#8220;{}&#8220;][et_pb_text _builder_version=&#8220;4.14.7&#8243; _module_preset=&#8220;default&#8220; global_colors_info=&#8220;{}&#8220;]<\/p>\n<h2>Ablauf bei einem Urlaub<\/h2>\n<p>[\/et_pb_text][et_pb_text _builder_version=&#8220;4.14.7&#8243; background_size=&#8220;initial&#8220; background_position=&#8220;top_left&#8220; background_repeat=&#8220;repeat&#8220; global_colors_info=&#8220;{}&#8220;]<\/p>\n<p><strong>Ankunftstag<\/strong>:<br \/>\u2022 Begr\u00fcssung mit Willkommens Getr\u00e4nk<br \/>\u2022 Bezug der Unterkunft<br \/>\u2022 \u00dcbersicht der kommenden Tage<\/p>\n<p><strong>Tagesabl\u00e4ufe allgemein:<br \/><\/strong>Morgens reichhaltiges Fr\u00fchst\u00fcck zwischen 7.30 Uhr und 10.00 Uhr<br \/>Eigene Repetition der Kneippanwendungen resp. Ruhephasen, Zeit f\u00fcr sich selbst.<br \/>Treffpunkt und Lunch, meist in meinem Anwesen in Beringen.<br \/>Mittags aktives Programm mit Entspannungsphasen individuell zusammen gestellt.<br \/>Abends gemeinsames Nachtessen und Ausklang vom Tag.<\/p>\n<p><strong>Mitbringen:<\/strong><br \/>Nebst normalem Kofferinhalt \u2013 sportliche, lockere Kleidung wie Trainer, Badekleid, Bademantel, warme naturbelassene Socken (Baumwolle oder Wolle) und eigenes kleines Frottiertuch.<\/p>\n<p>[\/et_pb_text][\/et_pb_column][et_pb_column type=&#8220;1_2&#8243; _builder_version=&#8220;4.14.7&#8243; _module_preset=&#8220;default&#8220; global_colors_info=&#8220;{}&#8220;][et_pb_text _builder_version=&#8220;4.14.7&#8243; _module_preset=&#8220;default&#8220; global_colors_info=&#8220;{}&#8220;]<\/p>\n<h2>Anmeldung<\/h2>\n<p>[\/et_pb_text][et_pb_contact_form email=&#8220;maya.leu-rizzolo@bluewin.ch&#8220; custom_message=&#8220;Anmeldung zu folgendem Angebot:||et_pb_line_break_holder||%%Angebot%% am %%Datum%%||et_pb_line_break_holder||von %%Name%%||et_pb_line_break_holder||Wohnhaft in:||et_pb_line_break_holder||%%Strasse%%||et_pb_line_break_holder||%%Ort%%||et_pb_line_break_holder||Geboren am:||et_pb_line_break_holder||%%Geburtsdatum%%||et_pb_line_break_holder||||et_pb_line_break_holder||Erreichbar unter:||et_pb_line_break_holder||%%Email%% oder telefonisch unter %%Telefon %%&#8220; admin_label=&#8220;Kontaktformular&#8220; _builder_version=&#8220;4.14.7&#8243; _module_preset=&#8220;default&#8220; _unique_id=&#8220;e1394ccb-bba2-4250-985f-76f71bcd34f8&#8243; global_colors_info=&#8220;{}&#8220;][et_pb_contact_field field_id=&#8220;Angebot&#8220; field_title=&#8220;Titel des Angebots&#8220; _builder_version=&#8220;4.14.7&#8243; _module_preset=&#8220;default&#8220; global_colors_info=&#8220;{}&#8220;][\/et_pb_contact_field][et_pb_contact_field field_id=&#8220;Datum&#8220; field_title=&#8220;zu folgendem Datum&#8220; _builder_version=&#8220;4.14.7&#8243; _module_preset=&#8220;default&#8220; global_colors_info=&#8220;{}&#8220;][\/et_pb_contact_field][et_pb_contact_field field_id=&#8220;Name&#8220; field_title=&#8220;Name&#8220; fullwidth_field=&#8220;on&#8220; _builder_version=&#8220;4.14.7&#8243; global_colors_info=&#8220;{}&#8220; button_text_size__hover_enabled=&#8220;off&#8220; button_one_text_size__hover_enabled=&#8220;off&#8220; button_two_text_size__hover_enabled=&#8220;off&#8220; button_text_color__hover_enabled=&#8220;off&#8220; button_one_text_color__hover_enabled=&#8220;off&#8220; button_two_text_color__hover_enabled=&#8220;off&#8220; button_border_width__hover_enabled=&#8220;off&#8220; button_one_border_width__hover_enabled=&#8220;off&#8220; button_two_border_width__hover_enabled=&#8220;off&#8220; button_border_color__hover_enabled=&#8220;off&#8220; button_one_border_color__hover_enabled=&#8220;off&#8220; button_two_border_color__hover_enabled=&#8220;off&#8220; button_border_radius__hover_enabled=&#8220;off&#8220; button_one_border_radius__hover_enabled=&#8220;off&#8220; button_two_border_radius__hover_enabled=&#8220;off&#8220; button_letter_spacing__hover_enabled=&#8220;off&#8220; button_one_letter_spacing__hover_enabled=&#8220;off&#8220; button_two_letter_spacing__hover_enabled=&#8220;off&#8220; button_bg_color__hover_enabled=&#8220;off&#8220; button_one_bg_color__hover_enabled=&#8220;off&#8220; button_two_bg_color__hover_enabled=&#8220;off&#8220;][\/et_pb_contact_field][et_pb_contact_field field_id=&#8220;Strasse&#8220; field_title=&#8220;Strasse, Nr.&#8220; fullwidth_field=&#8220;on&#8220; _builder_version=&#8220;4.14.7&#8243; _module_preset=&#8220;default&#8220; global_colors_info=&#8220;{}&#8220;][\/et_pb_contact_field][et_pb_contact_field field_id=&#8220;Ort&#8220; field_title=&#8220;PLZ, Ort&#8220; fullwidth_field=&#8220;on&#8220; _builder_version=&#8220;4.14.7&#8243; _module_preset=&#8220;default&#8220; global_colors_info=&#8220;{}&#8220;][\/et_pb_contact_field][et_pb_contact_field field_id=&#8220;Geburtsdatum&#8220; field_title=&#8220;Ihr Geburtsdatum&#8220; _builder_version=&#8220;4.14.7&#8243; _module_preset=&#8220;default&#8220; global_colors_info=&#8220;{}&#8220;][\/et_pb_contact_field][et_pb_contact_field field_id=&#8220;Telefon&#8220; field_title=&#8220;Telefonisch erreichbar unter&#8220; required_mark=&#8220;off&#8220; _builder_version=&#8220;4.14.7&#8243; _module_preset=&#8220;default&#8220; global_colors_info=&#8220;{}&#8220;][\/et_pb_contact_field][et_pb_contact_field field_id=&#8220;Email&#8220; field_title=&#8220;E-Mail-Adresse&#8220; field_type=&#8220;email&#8220; fullwidth_field=&#8220;on&#8220; _builder_version=&#8220;4.14.7&#8243; global_colors_info=&#8220;{}&#8220; button_text_size__hover_enabled=&#8220;off&#8220; button_one_text_size__hover_enabled=&#8220;off&#8220; button_two_text_size__hover_enabled=&#8220;off&#8220; button_text_color__hover_enabled=&#8220;off&#8220; button_one_text_color__hover_enabled=&#8220;off&#8220; button_two_text_color__hover_enabled=&#8220;off&#8220; button_border_width__hover_enabled=&#8220;off&#8220; button_one_border_width__hover_enabled=&#8220;off&#8220; button_two_border_width__hover_enabled=&#8220;off&#8220; button_border_color__hover_enabled=&#8220;off&#8220; button_one_border_color__hover_enabled=&#8220;off&#8220; button_two_border_color__hover_enabled=&#8220;off&#8220; button_border_radius__hover_enabled=&#8220;off&#8220; button_one_border_radius__hover_enabled=&#8220;off&#8220; button_two_border_radius__hover_enabled=&#8220;off&#8220; button_letter_spacing__hover_enabled=&#8220;off&#8220; button_one_letter_spacing__hover_enabled=&#8220;off&#8220; button_two_letter_spacing__hover_enabled=&#8220;off&#8220; button_bg_color__hover_enabled=&#8220;off&#8220; button_one_bg_color__hover_enabled=&#8220;off&#8220; button_two_bg_color__hover_enabled=&#8220;off&#8220;][\/et_pb_contact_field][et_pb_contact_field field_id=&#8220;Datenschutz&#8220; field_type=&#8220;checkbox&#8220; checkbox_options=&#8220;%91{%22value%22:%22Ich stimme zu, dass meine Angaben aus dem Kontaktformular zur Beantwortung meiner Anfrage erhoben und verarbeitet werden. Die Daten werden nach abgeschlossener Bearbeitung Ihrer Anfrage gel\u00f6scht. Hinweis: Sie k\u00f6nnen Ihre Einwilligung jederzeit f\u00fcr die Zukunft per E-Mail an info@kneippen4you.ch widerrufen. Detaillierte Informationen zum Umgang mit Nutzerdaten finden Sie in der Datenschutzerkl\u00e4rung%22,%22checked%22:0,%22dragID%22:0}%93&#8243; fullwidth_field=&#8220;on&#8220; _builder_version=&#8220;4.14.7&#8243; _module_preset=&#8220;default&#8220; global_colors_info=&#8220;{}&#8220;][\/et_pb_contact_field][\/et_pb_contact_form][\/et_pb_column][\/et_pb_row][\/et_pb_section]<\/p>\n","protected":false},"excerpt":{"rendered":"<p>Alle Angebote auf einen BlickAblauf bei einem UrlaubAnkunftstag:\u2022 Begr\u00fcssung mit Willkommens Getr\u00e4nk\u2022 Bezug der Unterkunft\u2022 \u00dcbersicht der kommenden Tage Tagesabl\u00e4ufe allgemein:Morgens reichhaltiges Fr\u00fchst\u00fcck zwischen 7.30 Uhr und 10.00 UhrEigene Repetition der Kneippanwendungen resp. Ruhephasen, Zeit f\u00fcr sich selbst.Treffpunkt und Lunch, meist in meinem Anwesen in Beringen.Mittags aktives Programm mit Entspannungsphasen individuell zusammen gestellt.Abends gemeinsames Nachtessen [&hellip;]<\/p>\n","protected":false},"author":1,"featured_media":0,"parent":0,"menu_order":0,"comment_status":"closed","ping_status":"closed","template":"","meta":{"_et_pb_use_builder":"on","_et_pb_old_content":"<p>[vc_row][vc_column][leap_title heading=\"h3\" center=\"yes\" strip=\"no\"]Alle Angebote auf einen Blick[\/leap_title][vc_separator][vc_basic_grid post_type=\"post\" max_items=\"-1\" show_filter=\"yes\" element_width=\"3\" filter_size=\"lg\" item=\"3584\" grid_id=\"vc_gid:1643800655425-114d99e9-ed0c-7\" taxonomies=\"58, 1, 61, 56, 57, 63\" filter_source=\"category\"][\/vc_column][\/vc_row][vc_row][vc_column][vc_separator][\/vc_column][\/vc_row][vc_row][vc_column width=\"1\/2\"][leap_title heading=\"h3\" strip=\"no\"]Ablauf bei einem Urlaub[\/leap_title][vc_column_text]<strong>Ankunftstag<\/strong>:<\/p><p>\u2022 Begr\u00fcssung mit Willkommens Getr\u00e4nk<br \/>\u2022 Bezug der Unterkunft<br \/>\u2022 \u00dcbersicht der kommenden Tage<\/p><p><strong>Tagesabl\u00e4ufe allgemein:<\/strong><\/p><p>Morgens reichhaltiges Fr\u00fchst\u00fcck zwischen 7.30 Uhr und 10.00 Uhr<br \/>Eigene Repetition der Kneippanwendungen resp. Ruhephasen, Zeit f\u00fcr sich selbst.<\/p><p>Treffpunkt und Lunch, meist in meinem Anwesen in Beringen.<\/p><p>Mittags aktives Programm mit Entspannungsphasen individuell zusammen gestellt.<\/p><p>Abends gemeinsames Nachtessen und Ausklang vom Tag.<\/p><p><strong><br \/>Mitbringen:<\/strong><br \/>Nebst normalem Kofferinhalt \u2013 sportliche, lockere Kleidung wie Trainer, Badekleid, Bademantel, warme naturbelassene Socken (Baumwolle oder Wolle) und eigenes kleines Frottiertuch.[\/vc_column_text][\/vc_column][vc_column width=\"1\/2\"][leap_title heading=\"h3\" strip=\"no\"]Anmeldung[\/leap_title][contact-form-7 id=\"3557\"][\/vc_column][\/vc_row]<\/p>","_et_gb_content_width":""},"_links":{"self":[{"href":"https:\/\/www.kneippen4you.ch\/cms\/index.php?rest_route=\/wp\/v2\/pages\/418"}],"collection":[{"href":"https:\/\/www.kneippen4you.ch\/cms\/index.php?rest_route=\/wp\/v2\/pages"}],"about":[{"href":"https:\/\/www.kneippen4you.ch\/cms\/index.php?rest_route=\/wp\/v2\/types\/page"}],"author":[{"embeddable":true,"href":"https:\/\/www.kneippen4you.ch\/cms\/index.php?rest_route=\/wp\/v2\/users\/1"}],"replies":[{"embeddable":true,"href":"https:\/\/www.kneippen4you.ch\/cms\/index.php?rest_route=%2Fwp%2Fv2%2Fcomments&post=418"}],"version-history":[{"count":28,"href":"https:\/\/www.kneippen4you.ch\/cms\/index.php?rest_route=\/wp\/v2\/pages\/418\/revisions"}],"predecessor-version":[{"id":4398,"href":"https:\/\/www.kneippen4you.ch\/cms\/index.php?rest_route=\/wp\/v2\/pages\/418\/revisions\/4398"}],"wp:attachment":[{"href":"https:\/\/www.kneippen4you.ch\/cms\/index.php?rest_route=%2Fwp%2Fv2%2Fmedia&parent=418"}],"curies":[{"name":"wp","href":"https:\/\/api.w.org\/{rel}","templated":true}]}}